{"id":1065,"date":"2025-05-07T07:58:08","date_gmt":"2025-05-07T07:58:08","guid":{"rendered":"https:\/\/milla.aplikacije.hr\/?page_id=1065"},"modified":"2025-05-19T11:41:10","modified_gmt":"2025-05-19T11:41:10","slug":"politika-privatnosti","status":"publish","type":"page","link":"https:\/\/milla.aplikacije.hr\/en\/politika-privatnosti\/","title":{"rendered":"Politika privatnosti"},"content":{"rendered":"<div data-elementor-type=\"wp-page\" data-elementor-id=\"1065\" class=\"elementor elementor-1065\" data-elementor-post-type=\"page\">\n\t\t\t\t\t\t\t<div class=\"elementor-element elementor-element-b97da0f e-flex e-con-boxed e-con e-parent\" data-id=\"b97da0f\" data-element_type=\"container\" data-settings=\"{&quot;content_width&quot;:&quot;boxed&quot;}\" data-core-v316-plus=\"true\">\n\t\t\t\t\t<div class=\"e-con-inner\">\n\t\t\t\t<div class=\"elementor-element elementor-element-0a64ba8 elementor-widget elementor-widget-heading\" data-id=\"0a64ba8\" data-element_type=\"widget\" data-widget_type=\"heading.default\">\n\t\t\t\t<div class=\"elementor-widget-container\">\n\t\t\t<style>\/*! elementor - v3.17.0 - 08-11-2023 *\/\n.elementor-heading-title{padding:0;margin:0;line-height:1}.elementor-widget-heading .elementor-heading-title[class*=elementor-size-]>a{color:inherit;font-size:inherit;line-height:inherit}.elementor-widget-heading .elementor-heading-title.elementor-size-small{font-size:15px}.elementor-widget-heading .elementor-heading-title.elementor-size-medium{font-size:19px}.elementor-widget-heading .elementor-heading-title.elementor-size-large{font-size:29px}.elementor-widget-heading .elementor-heading-title.elementor-size-xl{font-size:39px}.elementor-widget-heading .elementor-heading-title.elementor-size-xxl{font-size:59px}<\/style><h2 class=\"elementor-heading-title elementor-size-default\">Pravilnik privatnosti<\/h2>\t\t<\/div>\n\t\t\t\t<\/div>\n\t\t\t\t<div class=\"elementor-element elementor-element-7ad7d49 elementor-widget elementor-widget-text-editor\" data-id=\"7ad7d49\" data-element_type=\"widget\" data-widget_type=\"text-editor.default\">\n\t\t\t\t<div class=\"elementor-widget-container\">\n\t\t\t<style>\/*! elementor - v3.17.0 - 08-11-2023 *\/\n.elementor-widget-text-editor.elementor-drop-cap-view-stacked .elementor-drop-cap{background-color:#69727d;color:#fff}.elementor-widget-text-editor.elementor-drop-cap-view-framed .elementor-drop-cap{color:#69727d;border:3px solid;background-color:transparent}.elementor-widget-text-editor:not(.elementor-drop-cap-view-default) .elementor-drop-cap{margin-top:8px}.elementor-widget-text-editor:not(.elementor-drop-cap-view-default) .elementor-drop-cap-letter{width:1em;height:1em}.elementor-widget-text-editor .elementor-drop-cap{float:left;text-align:center;line-height:1;font-size:50px}.elementor-widget-text-editor .elementor-drop-cap-letter{display:inline-block}<\/style>\t\t\t\t<p>Za\u0161titu Va\u0161ih osobnih podataka shva\u0107amo vrlo ozbiljno i stoga uvijek nastojimo kori\u0161tenje na\u0161ih usluga u\u010diniti sigurnim. Obvezni smo po\u0161tivati Zakon o za\u0161titi osobnih podatka. Ova izjava o za\u0161titi podataka slu\u017ei za poja\u0161njenje o tome koje podatke od Vas prikupljamo, u koju svrhu ih koristimo te kako ih \u0161titimo.<\/p><p><strong>Sadr\u017eaj<\/strong><\/p><ul><li>Podru\u010dje primjene<\/li><li>Koji se podaci prikupljaju i proslje\u0111uju<\/li><li>Pra\u0107enje od tre\u0107ih strana putem interneta<\/li><li>Dijeljenje (sharing)<\/li><li>Kori\u0161tenje podataka<\/li><li>Sigurnost i proslje\u0111ivanje podataka<\/li><li>Pravo opoziva, davanje informacija, promjena podataka i kontakt<\/li><\/ul><p><strong>\u00a0<\/strong><\/p><p><strong>Podru\u010dje primjene<\/strong><\/p><p>Ova izjava vrijedi za kori\u0161tenje usluga i materijala<\/p><p>MILLA COSMETICS d.o.o., (u daljnjem tekstu MILLA COSMETICS) od strane klijenata MILLA COSMETICS, te zaposlenje u MILLA COSMETICS.<\/p><p>Molimo Vas imajte na umu da \u0107e u okviru unapre\u0111enja na\u0161ih aktivnosti u svrhu pobolj\u0161anja na\u0161ih usluga mo\u017eda biti potrebne dopune ove izjave o za\u0161titi podataka. U tom slu\u010daju, o tome \u0107emo Vas obavijestiti.<\/p><p><strong>Koji se podaci prikupljaju i proslje\u0111uju<\/strong><\/p><p>Osobni podaci koje obra\u0111ujemo su podaci o Vama kao klijentu, prikupljeni prilikom Va\u0161eg naru\u010divanja i posje\u0107ivanja MILLA COSMETICS, odnosno prilikom Va\u0161eg ispunjavanja Izjave o suglasnosti klijenta, podaci o Vama kao djelatnicima MILLA COSMETICS, temeljem Zakona o radu i drugih va\u017ee\u0107ih propisa, prilikom Va\u0161ih uplata putem bankovnog ra\u010duna ili prilikom zasnivanja i izvr\u0161avanja ugovornih odnosa izme\u0111u Vas i MILLA COSMETICS, koji se mogu direktno ili indirektno povezati s Vama. To su sljede\u0107i podaci: puno ime i prezime, telefonski broj(evi), adresa stanovanja, e-mail adresa,\u00a0 bankovni podaci u slu\u010daju uplata putem banke.<\/p><p><strong>Pra\u0107enje od tre\u0107ih strana putem interneta<\/strong><\/p><p>Na\u0161e internetske stranice mo\u017eete koristiti bez da se na njih registrirate i\/ili prijavite, a pri tom se mogu koristiti sljede\u0107i alati:<\/p><p><strong>Kola\u010di\u0107i<\/strong><\/p><p>U svrhu pobolj\u0161avanja va\u0161ega iskustva pregledavanja ove web stranice, moramo na va\u0161e ra\u010dunalo spremiti malenu koli\u010dinu informacija (kola\u010di\u0107a \u2013 eng. naziv cookies). Preko 90 % svih web stranica koristi ovu praksu no prema regulacijama Europske unije od 25.03.2011. obvezni smo prije spremanja kola\u010di\u0107a zatra\u017eiti va\u0161 pristanak. Kori\u0161tenjem na\u0161e web stranice pristajete na uporabu kola\u010di\u0107a. Blokiranjem kola\u010di\u0107a i dalje mo\u017eete pregledavati stranicu, no neke njezine mogu\u0107nosti Vam ne\u0107e biti dostupne.<\/p><p>\u0160to je kola\u010di\u0107? Kola\u010di\u0107 je informacija spremljena na Va\u0161e ra\u010dunalo od strane web stranice koju posjetite. Kola\u010di\u0107i obi\u010dno spremaju Va\u0161e postavke, postavke za web stranicu, kao \u0161to je preferirani jezik. Kasnije, kada opet otvorite istu web stranicu internet preglednik \u0161alje natrag kola\u010di\u0107e koji pripadaju toj stranici. Ovo omogu\u0107ava stranici da prika\u017ee informacije prilago\u0111ene Va\u0161im potrebama.<\/p><p>Zadane aktivnosti spremanja i slanja kola\u010di\u0107a Vama nisu vidljive. Ipak, mo\u017eete promijeniti Va\u0161e postavke internet preglednika da mo\u017eete sami birati ho\u0107ete li zahtjeve za spremanje kola\u010di\u0107a odobriti ili odbiti, pobri\u0161ete spremljene kola\u010di\u0107e automatski pri zatvaranju internet preglednika i sli\u010dno.<\/p><p><strong>Dijeljenje (sharing)<\/strong><\/p><p>Na ovom mjestu nagla\u0161avamo da MILLA COSMETICS nema uvid u sadr\u017eaj prenesenih podataka, kao i njihovo kori\u0161tenje od strane dru\u0161tvenih mre\u017ea. Vi\u0161e informacija o kori\u0161tenju podataka od strane dru\u0161tvenih mre\u017ea mo\u017eete prona\u0107i u Izjavi o za\u0161titi podataka navedenih dru\u0161tvenih mre\u017ea.<\/p><p><strong>Kori\u0161tenje podataka<\/strong><\/p><p>Va\u0161e osobne podatke koristimo u potpunosti u skladu sa zakonskim odredbama.<\/p><p>Osobni podaci koje nam dajete na raspolaganje prilikom Va\u0161eg naru\u010divanja i dolaska u MILLA COSMETICS, prilikom Va\u0161eg ispunjavanja Izjave o suglasnosti klijenta, prilikom Va\u0161ih uplata putem banke ili prilikom zasnivanja i izvr\u0161avanja ugovornih odnosa izme\u0111u Vas i MILLA COSMETICS, prikupljat \u0107e se i obra\u0111ivati isklju\u010divo u okviru ispunjavanja na\u0161ih zakonskih obveza (primjerice, podaci o djelatnicima koje je MILLA COSMETICS du\u017ean prikupljati prema Zakonu o radu) ili ugovornih obaveza prema Vama temeljem Va\u0161e suglasnosti.<\/p><p>Nakon \u0161to nam date Va\u0161u izri\u010ditu suglasnost, Va\u0161e \u0107emo podatke koristiti za dostavu materijala vezanih uz predmetne usluge, me\u0111usobnu komunikaciju i s time povezanih radnji i aktivnosti, kao i da Vas obavijestimo o ponudi usluga MILLA COSMETICS, akcijama s popustima, novitetima, radionicama, edukacijama, promocijama, te u svrhu promid\u017ebe MILLA COSMETICS-a.<\/p><p><strong>Sigurnost i proslje\u0111ivanje podataka<\/strong><\/p><p>Za za\u0161titu Va\u0161ih podatka koristimo lozinke, firewall za web, antivirusne programe i druge sigurnosne mjere prema trenutnom stanju tehnologije. Kod komunikacije putem e-maila mo\u017ee se jam\u010diti sigurnost podataka pri prijenosu samo prema aktualnom stanju tehnike.<\/p><p>Pristup popisu s podacima klijenata i Izjavama o suglasnosti klijenta imaju direktor MILLA COSMETICS, kao odgovorna osoba i djelatnici MILLA COSMETICS, budu\u0107i je takav pristup potreban za izvr\u0161avanje obveza i usluga MILLA COSMETICS predmetnim klijentima, te je isti ure\u0111en sukladno va\u017ee\u0107em zakonodavstvu. Svaki klijent ima pravo uvida u osobne podatke koji se o njemu nalaze u popisu klijenata MILLA COSMETICS i koji se o njemu obra\u0111uju (primjerice u popisu korisnika usluge).<\/p><p>Osobni podaci koje je klijent naveo u svrhu pla\u0107anja putem banke prikupljaju se u elektroni\u010dkom obliku i pohranjuju u kompjutoru, pri \u010demu je pristup za\u0161ti\u0107en lozinkom. Navedenim podacima pristup ima direktor MILLA COSMETICS. Razdoblje \u010duvanja navedenih podataka odre\u0111uje se sukladno va\u017ee\u0107im propisima, posebice ra\u010dunovodstvenim.<\/p><p>Osobni podaci koji se prikupljaju \u010duvaju se koliko je potrebno za ispunjenje svrhe prikupljanja i obrade podataka. Podaci o klijentima navedeni u Izjavi o suglasnosti klijenta koji se prikupljaju u svrhu slanja obavijesti o uslugama MILLA COSMETICS i njegove promid\u017ebe \u010duvaju se do povla\u010denja suglasnosti od strane klijenta, a najkasnije do isteka dvije godine od datuma posljednje interakcije klijenta u MILLA COSMETICS.<\/p><p>Odgovorne osobe i djelatnici MILLA COSMETICS koji imaju pravo i ovlast pristupa osobnim podacima koje prikuplja MILLA COSMETICS obvezuju se potpisom Izjave o \u010duvanju povjerljivosti na trajno \u010duvanje povjerljivosti osobnih podataka i postupanje sukladno va\u017ee\u0107em zakonodavstvu i pravilima MILLA COSMETICS.<\/p><p>Va\u0161i se osobni podaci mogu proslijediti \/ prepustiti odre\u0111enim ugovornim partnerima MILLA COSMETICS, ukoliko ih MILLA COSMETICS odlu\u010di anga\u017eirati.<\/p><p>Naime, mo\u017eemo anga\u017eirati odre\u0111ene partnere za ispunjenje na\u0161ih obaveza (primjerice, ra\u010dunovodstveni servis) i usluga, komunikaciju sa \u010dlanovima, upravljanje na\u0161im online nastupom i pristupom, ispunjenje neke od svrha navedenih u ovoj Izjavi. Va\u0161i \u0107e se osobni podaci proslijediti ugovornom partneru MILLA COSMETICS ako su oni potrebni za izvr\u0161enje odre\u0111ene usluge koja je vezana za Vas. Navedene ugovorne partnere birat \u0107emo pa\u017eljivo kako bismo osigurali zakonitu i sigurnu obradu podataka. Nadalje, navedeni ugovorni partneri bit \u0107e obvezni koristiti Va\u0161e osobne podatke samo za odre\u0111ene svrhe u skladu s na\u0161im uputama te u skladu s hrvatskim zakonskim odredbama o za\u0161titi osobnih podataka. Kori\u0161tenje podataka od strane ugovornih partnera u neke druge svrhe je isklju\u010deno.<\/p><p>Va\u0161e osobne podatke ne\u0107emo proslje\u0111ivati drugim osobama osim gore navedenim ugovornim partnerima, jedino ako niste dali svoju suglasnost za to.<\/p><p>S obzirom na prirodu, opseg, svrhu prikupljanja, kori\u0161tenja i obrade osobnih podataka od strane MILLA COSMETICS, uklju\u010duju\u0107i \u010dinjenicu da prikupljanje, kori\u0161tenje i obrada nije u velikoj mjeri, niti se prikupljaju posebne kategorije osobnih podataka, odnosno MILLA COSMETICS i njegove usluge nisu podlo\u017eni zakonskoj obvezi imenovanja slu\u017ebenika za za\u0161titu osobnih podataka, MILLA COSMETICS i nema imenovanog takvog slu\u017ebenika.<\/p><p><strong>Pravo opoziva, davanje informacija, promjena podataka i kontakt<\/strong><\/p><p>Potpisom Izjave o suglasnosti klijenta odnosno kori\u0161tenjem na\u0161ih internetskih stranica suglasni ste s kori\u0161tenjem Va\u0161ih osobnih podataka na na\u010din opisan u navedenoj Izjavi o suglasnosti klijenta i ovoj Izjavi o za\u0161titi podataka.<\/p><p>Ujedno, sukladno va\u017ee\u0107em zakonodavstvu o za\u0161titi osobnih podataka i pravima koje Vam ono daje kao vlasniku osobnih podataka, s kojima Vas je MILLA COSMETICS upoznao, imate i pravo na pristup, ispravak, brisanje ili ograni\u010davanje obrade svojih osobnih podataka; pravo u bilo kojem trenutku povu\u0107i Va\u0161u suglasnost za kori\u0161tenje Va\u0161ih osobnih podataka, za ubudu\u0107e bez navo\u0111enja razloga; kao i pravo na podno\u0161enje prigovora nadzornom tijelu. Povla\u010denje suglasnosti vr\u0161i se pisanim putem (pismom ili e-mailom) na slijede\u0107u javno dostupnu adresu sjedi\u0161ta; MILLA COSMETICS d.o.o., Krapinska ulica 61, 10298, Donja Bistra, odnosno info@millamax.eu. Takvo povla\u010denje onemogu\u0107it \u0107e budu\u0107e kori\u0161tenje Va\u0161ih osobnih podataka od strane MILLA COSMETICS d.o.o..<\/p><p>Molimo Vas da se na jednu od ovih adresa obratite ako imate pitanja vezana za kori\u0161tenje Va\u0161ih podataka te u svrhu aktualiziranja i ispravka Va\u0161ih podataka.<\/p>\t\t\t\t\t\t<\/div>\n\t\t\t\t<\/div>\n\t\t\t\t\t<\/div>\n\t\t\t\t<\/div>\n\t\t\t\t\t\t\t<\/div>","protected":false},"excerpt":{"rendered":"<p>Pravilnik privatnosti Za\u0161titu Va\u0161ih osobnih podataka shva\u0107amo vrlo ozbiljno i stoga uvijek nastojimo kori\u0161tenje na\u0161ih usluga u\u010diniti sigurnim. Obvezni smo po\u0161tivati Zakon o za\u0161titi osobnih podatka. Ova izjava o za\u0161titi podataka slu\u017ei za poja\u0161njenje o tome koje podatke od Vas prikupljamo, u koju svrhu ih koristimo te kako ih \u0161titimo. Sadr\u017eaj Podru\u010dje primjene Koji se &hellip;<\/p>\n<p class=\"read-more\"> <a class=\"\" href=\"https:\/\/milla.aplikacije.hr\/en\/politika-privatnosti\/\"> <span class=\"screen-reader-text\">Politika privatnosti<\/span> Read More &raquo;<\/a><\/p>","protected":false},"author":3,"featured_media":0,"parent":0,"menu_order":0,"comment_status":"closed","ping_status":"closed","template":"","meta":{"site-sidebar-layout":"no-sidebar","site-content-layout":"","ast-site-content-layout":"full-width-container","site-content-style":"default","site-sidebar-style":"default","ast-global-header-display":"","ast-banner-title-visibility":"","ast-main-header-display":"","ast-hfb-above-header-display":"","ast-hfb-below-header-display":"","ast-hfb-mobile-header-display":"","site-post-title":"disabled","ast-breadcrumbs-content":"","ast-featured-img":"disabled","footer-sml-layout":"","theme-transparent-header-meta":"","adv-header-id-meta":"","stick-header-meta":"","header-above-stick-meta":"","header-main-stick-meta":"","header-below-stick-meta":"","astra-migrate-meta-layouts":"","ast-page-background-enabled":"default","ast-page-background-meta":{"desktop":{"background-color":"var(--ast-global-color-4)","background-image":"","background-repeat":"repeat","background-position":"center center","background-size":"auto","background-attachment":"scroll","background-type":"","background-media":"","overlay-type":"","overlay-color":"","overlay-gradient":""},"tablet":{"background-color":"","background-image":"","background-repeat":"repeat","background-position":"center center","background-size":"auto","background-attachment":"scroll","background-type":"","background-media":"","overlay-type":"","overlay-color":"","overlay-gradient":""},"mobile":{"background-color":"","background-image":"","background-repeat":"repeat","background-position":"center center","background-size":"auto","background-attachment":"scroll","background-type":"","background-media":"","overlay-type":"","overlay-color":"","overlay-gradient":""}},"ast-content-background-meta":{"desktop":{"background-color":"var(--ast-global-color-5)","background-image":"","background-repeat":"repeat","background-position":"center center","background-size":"auto","background-attachment":"scroll","background-type":"","background-media":"","overlay-type":"","overlay-color":"","overlay-gradient":""},"tablet":{"background-color":"var(--ast-global-color-5)","background-image":"","background-repeat":"repeat","background-position":"center center","background-size":"auto","background-attachment":"scroll","background-type":"","background-media":"","overlay-type":"","overlay-color":"","overlay-gradient":""},"mobile":{"background-color":"var(--ast-global-color-5)","background-image":"","background-repeat":"repeat","background-position":"center center","background-size":"auto","background-attachment":"scroll","background-type":"","background-media":"","overlay-type":"","overlay-color":"","overlay-gradient":""}},"footnotes":""},"class_list":["post-1065","page","type-page","status-publish","hentry"],"_links":{"self":[{"href":"https:\/\/milla.aplikacije.hr\/en\/wp-json\/wp\/v2\/pages\/1065","targetHints":{"allow":["GET"]}}],"collection":[{"href":"https:\/\/milla.aplikacije.hr\/en\/wp-json\/wp\/v2\/pages"}],"about":[{"href":"https:\/\/milla.aplikacije.hr\/en\/wp-json\/wp\/v2\/types\/page"}],"author":[{"embeddable":true,"href":"https:\/\/milla.aplikacije.hr\/en\/wp-json\/wp\/v2\/users\/3"}],"replies":[{"embeddable":true,"href":"https:\/\/milla.aplikacije.hr\/en\/wp-json\/wp\/v2\/comments?post=1065"}],"version-history":[{"count":7,"href":"https:\/\/milla.aplikacije.hr\/en\/wp-json\/wp\/v2\/pages\/1065\/revisions"}],"predecessor-version":[{"id":1082,"href":"https:\/\/milla.aplikacije.hr\/en\/wp-json\/wp\/v2\/pages\/1065\/revisions\/1082"}],"wp:attachment":[{"href":"https:\/\/milla.aplikacije.hr\/en\/wp-json\/wp\/v2\/media?parent=1065"}],"curies":[{"name":"wp","href":"https:\/\/api.w.org\/{rel}","templated":true}]}}