{"id":903,"date":"2025-04-28T12:02:02","date_gmt":"2025-04-28T12:02:02","guid":{"rendered":"https:\/\/milla.aplikacije.hr\/?post_type=product&#038;p=903"},"modified":"2025-05-12T09:16:09","modified_gmt":"2025-05-12T09:16:09","slug":"ekstra-blagi-sampon-za-stence-kopiraj-kopiraj","status":"publish","type":"product","link":"https:\/\/milla.aplikacije.hr\/en\/product\/ekstra-blagi-sampon-za-stence-kopiraj-kopiraj\/","title":{"rendered":"EKSTRA BLAGI \u0160AMPON ZA \u0160TENCE 3"},"content":{"rendered":"<p>Ekstra blaga formula ovog \u0161ampona s kamilicom, mimozom, nevenom, pantenolom, tratin\u010dicom i zobi, isklju\u010duje iritaciju, te \u010duva i njegujeko\u017eu va\u0161eg ljubimca. Balansiran pH \u0161titi je od nadra\u017eaja kod kupanja.<\/p>","protected":false},"excerpt":{"rendered":"<p>Ekstra blaga formula ovog \u0161ampona s kamilicom, mimozom, nevenom, pantenolom, tratin\u010dicom i zobi, isklju\u010duje iritaciju, te \u010duva i njegujeko\u017eu va\u0161eg ljubimca. Balansiran pH \u0161titi je od nadra\u017eaja kod kupanja.<\/p>","protected":false},"featured_media":879,"comment_status":"open","ping_status":"closed","template":"","meta":{"site-sidebar-layout":"default","site-content-layout":"","ast-site-content-layout":"default","site-content-style":"default","site-sidebar-style":"default","ast-global-header-display":"","ast-banner-title-visibility":"","ast-main-header-display":"","ast-hfb-above-header-display":"","ast-hfb-below-header-display":"","ast-hfb-mobile-header-display":"","site-post-title":"","ast-breadcrumbs-content":"","ast-featured-img":"","footer-sml-layout":"","theme-transparent-header-meta":"default","adv-header-id-meta":"","stick-header-meta":"","header-above-stick-meta":"","header-main-stick-meta":"","header-below-stick-meta":"","astra-migrate-meta-layouts":"set","ast-page-background-enabled":"default","ast-page-background-meta":{"desktop":{"background-color":"var(--ast-global-color-4)","background-image":"","background-repeat":"repeat","background-position":"center center","background-size":"auto","background-attachment":"scroll","background-type":"","background-media":"","overlay-type":"","overlay-color":"","overlay-gradient":""},"tablet":{"background-color":"","background-image":"","background-repeat":"repeat","background-position":"center center","background-size":"auto","background-attachment":"scroll","background-type":"","background-media":"","overlay-type":"","overlay-color":"","overlay-gradient":""},"mobile":{"background-color":"","background-image":"","background-repeat":"repeat","background-position":"center center","background-size":"auto","background-attachment":"scroll","background-type":"","background-media":"","overlay-type":"","overlay-color":"","overlay-gradient":""}},"ast-content-background-meta":{"desktop":{"background-color":"var(--ast-global-color-5)","background-image":"","background-repeat":"repeat","background-position":"center center","background-size":"auto","background-attachment":"scroll","background-type":"","background-media":"","overlay-type":"","overlay-color":"","overlay-gradient":""},"tablet":{"background-color":"var(--ast-global-color-5)","background-image":"","background-repeat":"repeat","background-position":"center center","background-size":"auto","background-attachment":"scroll","background-type":"","background-media":"","overlay-type":"","overlay-color":"","overlay-gradient":""},"mobile":{"background-color":"var(--ast-global-color-5)","background-image":"","background-repeat":"repeat","background-position":"center center","background-size":"auto","background-attachment":"scroll","background-type":"","background-media":"","overlay-type":"","overlay-color":"","overlay-gradient":""}}},"product_brand":[45],"product_cat":[48,49,54],"product_tag":[],"class_list":{"0":"post-903","1":"product","2":"type-product","3":"status-publish","4":"has-post-thumbnail","6":"product_brand-premium","7":"product_cat-kupanje","8":"product_cat-sampon","9":"product_cat-univerzal","10":"desktop-align-left","11":"tablet-align-left","12":"mobile-align-left","14":"first","15":"instock","16":"shipping-taxable","17":"purchasable","18":"product-type-simple"},"_links":{"self":[{"href":"https:\/\/milla.aplikacije.hr\/en\/wp-json\/wp\/v2\/product\/903","targetHints":{"allow":["GET"]}}],"collection":[{"href":"https:\/\/milla.aplikacije.hr\/en\/wp-json\/wp\/v2\/product"}],"about":[{"href":"https:\/\/milla.aplikacije.hr\/en\/wp-json\/wp\/v2\/types\/product"}],"replies":[{"embeddable":true,"href":"https:\/\/milla.aplikacije.hr\/en\/wp-json\/wp\/v2\/comments?post=903"}],"wp:featuredmedia":[{"embeddable":true,"href":"https:\/\/milla.aplikacije.hr\/en\/wp-json\/wp\/v2\/media\/879"}],"wp:attachment":[{"href":"https:\/\/milla.aplikacije.hr\/en\/wp-json\/wp\/v2\/media?parent=903"}],"wp:term":[{"taxonomy":"product_brand","embeddable":true,"href":"https:\/\/milla.aplikacije.hr\/en\/wp-json\/wp\/v2\/product_brand?post=903"},{"taxonomy":"product_cat","embeddable":true,"href":"https:\/\/milla.aplikacije.hr\/en\/wp-json\/wp\/v2\/product_cat?post=903"},{"taxonomy":"product_tag","embeddable":true,"href":"https:\/\/milla.aplikacije.hr\/en\/wp-json\/wp\/v2\/product_tag?post=903"}],"curies":[{"name":"wp","href":"https:\/\/api.w.org\/{rel}","templated":true}]}}